{"id":1803,"date":"2025-04-16T09:10:35","date_gmt":"2025-04-16T09:10:35","guid":{"rendered":"https:\/\/leotaradynamics.com\/?page_id=1803"},"modified":"2025-08-04T17:06:06","modified_gmt":"2025-08-04T17:06:06","slug":"1803-2","status":"publish","type":"page","link":"https:\/\/leotaradynamics.com\/de_de\/1803-2\/","title":{"rendered":"Datenschutzerkl\u00e4rung"},"content":{"rendered":"<p><\/p>\n\n\n\n<div class=\"wp-block-uagb-advanced-heading uagb-block-b16458f6\"><h2 class=\"uagb-heading-text\">Datenschutzerkl\u00e4rung<\/h2><\/div>\n\n\n\n<div class=\"wp-block-uagb-container uagb-block-dc2e0211 alignfull uagb-is-root-container\"><div class=\"uagb-container-inner-blocks-wrap\">\n<p><strong>1. Responsible Party<\/strong><br>Leonhard Hiebl<br>Leopoldstra\u00dfe 191<br>80804 M\u00fcnchen<br>info@leotaradynamics.com<\/p>\n\n\n\n<p><strong>2. Data Collection and Storage<\/strong><br>When you visit this website, certain information is automatically collected by the hosting provider (e.g., IP address, date and time of access, browser type, and operating system). This data is necessary to display the website correctly and ensure its security.<\/p>\n\n\n\n<p><strong>3. Contact Form<\/strong><br>If you contact us via the contact form, the data you provide (such as your name, email address, and message) will be used solely to process your request. Your data will not be shared with third parties.<\/p>\n\n\n\n<p><strong>4. Hosting<\/strong><br>This website is hosted by <strong>Hostinger<\/strong>. The hosting provider stores access data (such as IP addresses and timestamps) in server log files. For more information, please refer to Hostinger\u2019s privacy policy: <a href=\"https:\/\/www.hostinger.com\/privacy-policy\">https:\/\/www.hostinger.com\/privacy-policy<\/a><\/p>\n\n\n\n<p><strong>5. Your Rights<\/strong><br>You have the right to:<\/p>\n\n\n\n<ul class=\"wp-block-list\">\n<li>Request information about your stored data<\/li>\n\n\n\n<li>Correct inaccurate data<\/li>\n\n\n\n<li>Request the deletion of your data (unless legally required to keep it)<\/li>\n\n\n\n<li>Restrict or object to the processing of your data<\/li>\n<\/ul>\n\n\n\n<p>For inquiries, please contact: [Your Email Address]<\/p>\n\n\n\n<p><strong>6. SSL\/TLS Encryption<\/strong><br>This website uses SSL\/TLS encryption for security purposes. You can recognize an encrypted connection by the \u201c<a href=\"https:\/\/\u201d\">https:\/\/\u201d<\/a> in your browser\u2019s address bar.<\/p>\n\n\n\n<p><strong>7. Changes to This Privacy Policy<\/strong><br>We reserve the right to modify this privacy policy as needed. The latest version will always be available on this website<\/p>\n\n\n\n<div class=\"wp-block-uagb-advanced-heading uagb-block-ae8853e2\"><h2 class=\"uagb-heading-text\">Deutsche Version<\/h2><\/div>\n\n\n\n<h3 class=\"wp-block-heading\"><strong>1. Verantwortliche Stelle<\/strong><\/h3>\n\n\n\n<p>Leonhard Hiebl<br>Leopoldstra\u00dfe 191<br>80804 M\u00fcnchen<br><a>info@leotaradynamics.com<\/a><\/p>\n\n\n\n<h3 class=\"wp-block-heading\"><strong>2. Datenerhebung und -speicherung<\/strong><\/h3>\n\n\n\n<p>Wenn Sie diese Website besuchen, werden automatisch bestimmte Informationen vom Hosting-Anbieter erfasst (z.\u202fB. IP-Adresse, Datum und Uhrzeit des Zugriffs, Browsertyp und Betriebssystem). Diese Daten sind erforderlich, um die Website korrekt anzuzeigen und ihre Sicherheit zu gew\u00e4hrleisten.<\/p>\n\n\n\n<h3 class=\"wp-block-heading\"><strong>3. Kontaktformular<\/strong><\/h3>\n\n\n\n<p>Wenn Sie uns \u00fcber das Kontaktformular kontaktieren, werden die von Ihnen angegebenen Daten (wie Name, E-Mail-Adresse und Nachricht) ausschlie\u00dflich zur Bearbeitung Ihrer Anfrage verwendet. Ihre Daten werden nicht an Dritte weitergegeben.<\/p>\n\n\n\n<h3 class=\"wp-block-heading\"><strong>4. Hosting<\/strong><\/h3>\n\n\n\n<p>Diese Website wird von Hostinger gehostet. Der Hosting-Anbieter speichert Zugriffsdaten (wie IP-Adressen und Zeitstempel) in Server-Protokolldateien. Weitere Informationen finden Sie in der Datenschutzerkl\u00e4rung von Hostinger: <a class=\"\" href=\"https:\/\/www.hostinger.com\/privacy-policy\">https:\/\/www.hostinger.com\/privacy-policy<\/a><\/p>\n\n\n\n<h3 class=\"wp-block-heading\"><strong>5. Ihre Rechte<\/strong><\/h3>\n\n\n\n<p>Sie haben das Recht,:<\/p>\n\n\n\n<ul class=\"wp-block-list\">\n<li>Informationen \u00fcber Ihre gespeicherten Daten anzufordern<\/li>\n\n\n\n<li>Unrichtige Daten zu korrigieren<\/li>\n\n\n\n<li>Die L\u00f6schung Ihrer Daten zu verlangen (es sei denn, eine gesetzliche Aufbewahrungspflicht besteht)<\/li>\n\n\n\n<li>Die Verarbeitung Ihrer Daten einzuschr\u00e4nken oder der Verarbeitung zu widersprechen<\/li>\n<\/ul>\n\n\n\n<p>F\u00fcr Anfragen kontaktieren Sie bitte: info@leotaradynamics.com<\/p>\n\n\n\n<h3 class=\"wp-block-heading\"><strong>6. SSL\/TLS-Verschl\u00fcsselung<\/strong><\/h3>\n\n\n\n<p>Diese Website verwendet aus Sicherheitsgr\u00fcnden SSL\/TLS-Verschl\u00fcsselung. Eine verschl\u00fcsselte Verbindung erkennen Sie an dem \u201ehttps:\/\/\u201c in der Adresszeile Ihres Browsers.<\/p>\n\n\n\n<h3 class=\"wp-block-heading\"><strong>7. \u00c4nderungen dieser Datenschutzerkl\u00e4rung<\/strong><\/h3>\n\n\n\n<p>Wir behalten uns das Recht vor, diese Datenschutzerkl\u00e4rung nach Bedarf zu \u00e4ndern. Die neueste Version wird immer auf dieser Website verf\u00fcgbar sein.<\/p>\n\n\n\n<p><\/p>\n<\/div><\/div>","protected":false},"excerpt":{"rendered":"<p>Privacy Policy 1. Responsible PartyLeonhard HieblLeopoldstra\u00dfe 19180804 M\u00fcncheninfo@leotaradynamics.com 2. Data Collection and StorageWhen you visit this website, certain information is automatically collected by the hosting provider (e.g., IP address, date and time of access, browser type, and operating system). This data is necessary to display the website correctly and ensure its security. 3. Contact FormIf [&hellip;]<\/p>","protected":false},"author":1,"featured_media":0,"parent":0,"menu_order":0,"comment_status":"closed","ping_status":"closed","template":"","meta":{"_uag_custom_page_level_css":"","site-sidebar-layout":"default","site-content-layout":"","ast-site-content-layout":"default","site-content-style":"default","site-sidebar-style":"default","ast-global-header-display":"","ast-banner-title-visibility":"","ast-main-header-display":"","ast-hfb-above-header-display":"","ast-hfb-below-header-display":"","ast-hfb-mobile-header-display":"","site-post-title":"","ast-breadcrumbs-content":"","ast-featured-img":"","footer-sml-layout":"","ast-disable-related-posts":"","theme-transparent-header-meta":"","adv-header-id-meta":"","stick-header-meta":"","header-above-stick-meta":"","header-main-stick-meta":"","header-below-stick-meta":"","astra-migrate-meta-layouts":"set","ast-page-background-enabled":"default","ast-page-background-meta":{"desktop":{"background-color":"var(--ast-global-color-4)","background-image":"","background-repeat":"repeat","background-position":"center center","background-size":"auto","background-attachment":"scroll","background-type":"","background-media":"","overlay-type":"","overlay-color":"","overlay-opacity":"","overlay-gradient":""},"tablet":{"background-color":"","background-image":"","background-repeat":"repeat","background-position":"center center","background-size":"auto","background-attachment":"scroll","background-type":"","background-media":"","overlay-type":"","overlay-color":"","overlay-opacity":"","overlay-gradient":""},"mobile":{"background-color":"","background-image":"","background-repeat":"repeat","background-position":"center center","background-size":"auto","background-attachment":"scroll","background-type":"","background-media":"","overlay-type":"","overlay-color":"","overlay-opacity":"","overlay-gradient":""}},"ast-content-background-meta":{"desktop":{"background-color":"var(--ast-global-color-5)","background-image":"","background-repeat":"repeat","background-position":"center center","background-size":"auto","background-attachment":"scroll","background-type":"","background-media":"","overlay-type":"","overlay-color":"","overlay-opacity":"","overlay-gradient":""},"tablet":{"background-color":"var(--ast-global-color-5)","background-image":"","background-repeat":"repeat","background-position":"center center","background-size":"auto","background-attachment":"scroll","background-type":"","background-media":"","overlay-type":"","overlay-color":"","overlay-opacity":"","overlay-gradient":""},"mobile":{"background-color":"var(--ast-global-color-5)","background-image":"","background-repeat":"repeat","background-position":"center center","background-size":"auto","background-attachment":"scroll","background-type":"","background-media":"","overlay-type":"","overlay-color":"","overlay-opacity":"","overlay-gradient":""}},"footnotes":""},"class_list":["post-1803","page","type-page","status-publish","hentry"],"aioseo_notices":[],"uagb_featured_image_src":{"full":false,"thumbnail":false,"medium":false,"medium_large":false,"large":false,"1536x1536":false,"2048x2048":false,"trp-custom-language-flag":false},"uagb_author_info":{"display_name":"le.hie@web.de","author_link":"https:\/\/leotaradynamics.com\/de_de\/author\/le-hieweb-de\/"},"uagb_comment_info":0,"uagb_excerpt":"Privacy Policy 1. Responsible PartyLeonhard HieblLeopoldstra\u00dfe 19180804 M\u00fcncheninfo@leotaradynamics.com 2. Data Collection and StorageWhen you visit this website, certain information is automatically collected by the hosting provider (e.g., IP address, date and time of access, browser type, and operating system). This data is necessary to display the website correctly and ensure its security. 3. Contact FormIf&hellip;","_links":{"self":[{"href":"https:\/\/leotaradynamics.com\/de_de\/wp-json\/wp\/v2\/pages\/1803","targetHints":{"allow":["GET"]}}],"collection":[{"href":"https:\/\/leotaradynamics.com\/de_de\/wp-json\/wp\/v2\/pages"}],"about":[{"href":"https:\/\/leotaradynamics.com\/de_de\/wp-json\/wp\/v2\/types\/page"}],"author":[{"embeddable":true,"href":"https:\/\/leotaradynamics.com\/de_de\/wp-json\/wp\/v2\/users\/1"}],"replies":[{"embeddable":true,"href":"https:\/\/leotaradynamics.com\/de_de\/wp-json\/wp\/v2\/comments?post=1803"}],"version-history":[{"count":5,"href":"https:\/\/leotaradynamics.com\/de_de\/wp-json\/wp\/v2\/pages\/1803\/revisions"}],"predecessor-version":[{"id":1933,"href":"https:\/\/leotaradynamics.com\/de_de\/wp-json\/wp\/v2\/pages\/1803\/revisions\/1933"}],"wp:attachment":[{"href":"https:\/\/leotaradynamics.com\/de_de\/wp-json\/wp\/v2\/media?parent=1803"}],"curies":[{"name":"wp","href":"https:\/\/api.w.org\/{rel}","templated":true}]}}