{"id":1805,"date":"2025-04-16T09:12:07","date_gmt":"2025-04-16T09:12:07","guid":{"rendered":"https:\/\/leotaradynamics.com\/?page_id=1805"},"modified":"2025-08-04T17:05:58","modified_gmt":"2025-08-04T17:05:58","slug":"1805-2","status":"publish","type":"page","link":"https:\/\/leotaradynamics.com\/de_de\/1805-2\/","title":{"rendered":"Impressum"},"content":{"rendered":"<div class=\"wp-block-uagb-advanced-heading uagb-block-bf89e2c5\"><h2 class=\"uagb-heading-text\">Impressum<\/h2><\/div>\n\n\n\n<p><\/p>\n\n\n\n<p>Information according to \u00a7 5 TMG:<\/p>\n\n\n\n<p>Leonhard Hiebl<br>Leopoldstra\u00dfe 191<br>80804 M\u00fcnchen<br>E-Mail: info@leotaradynamics.com<\/p>\n\n\n\n<p>Not subject to VAT according to \u00a7 19 UStG<\/p>\n\n\n\n<p><strong>Liability for Content:<\/strong><br>As a service provider, I am responsible for my own content on these pages according to \u00a77(1) TMG. However, according to \u00a7\u00a78 to 10 TMG, I am not obligated to monitor transmitted or stored third-party information or investigate circumstances that indicate illegal activity.<\/p>\n\n\n\n<p><strong>Liability for Links:<\/strong><br>This website contains links to external third-party websites over which I have no control. Therefore, I cannot assume any liability for their content. The respective provider or operator of the linked pages is always responsible for their content.<\/p>\n\n\n\n<h3 class=\"wp-block-heading\"><strong>Angaben gem\u00e4\u00df \u00a7 5 TMG:<\/strong><\/h3>\n\n\n\n<p>Leonhard Hiebl<br>Leopoldstra\u00dfe 191<br>80804 M\u00fcnchen<br>E-Mail: leotaradynamics.com<\/p>\n\n\n\n<p>Nicht umsatzsteuerpflichtig gem\u00e4\u00df \u00a7 19 UStG<\/p>\n\n\n\n<h3 class=\"wp-block-heading\"><strong>Haftung f\u00fcr Inhalte:<\/strong><\/h3>\n\n\n\n<p>Als Dienstanbieter bin ich gem\u00e4\u00df \u00a7 7 Abs. 1 TMG f\u00fcr eigene Inhalte auf diesen Seiten verantwortlich. Nach \u00a7\u00a7 8 bis 10 TMG bin ich jedoch nicht verpflichtet, \u00fcbermittelte oder gespeicherte fremde Informationen zu \u00fcberwachen oder Umst\u00e4nde zu untersuchen, die auf eine illegale T\u00e4tigkeit hinweisen.<\/p>\n\n\n\n<h3 class=\"wp-block-heading\"><strong>Haftung f\u00fcr Links:<\/strong><\/h3>\n\n\n\n<p>Diese Website enth\u00e4lt Links zu externen Webseiten Dritter, auf deren Inhalte ich keinen Einfluss habe. Daher kann ich keine Haftung f\u00fcr deren Inhalt \u00fcbernehmen. F\u00fcr den Inhalt der verlinkten Seiten ist stets der jeweilige Anbieter oder Betreiber der Seiten verantwortlich.<\/p>\n\n\n\n<p><\/p>","protected":false},"excerpt":{"rendered":"<p>Legal Notice Information according to \u00a7 5 TMG: Leonhard HieblLeopoldstra\u00dfe 19180804 M\u00fcnchenE-Mail: info@leotaradynamics.com Not subject to VAT according to \u00a7 19 UStG Liability for Content:As a service provider, I am responsible for my own content on these pages according to \u00a77(1) TMG. However, according to \u00a7\u00a78 to 10 TMG, I am not obligated to monitor [&hellip;]<\/p>","protected":false},"author":1,"featured_media":0,"parent":0,"menu_order":0,"comment_status":"closed","ping_status":"closed","template":"","meta":{"_uag_custom_page_level_css":"","site-sidebar-layout":"default","site-content-layout":"","ast-site-content-layout":"default","site-content-style":"default","site-sidebar-style":"default","ast-global-header-display":"","ast-banner-title-visibility":"","ast-main-header-display":"","ast-hfb-above-header-display":"","ast-hfb-below-header-display":"","ast-hfb-mobile-header-display":"","site-post-title":"","ast-breadcrumbs-content":"","ast-featured-img":"","footer-sml-layout":"","ast-disable-related-posts":"","theme-transparent-header-meta":"","adv-header-id-meta":"","stick-header-meta":"","header-above-stick-meta":"","header-main-stick-meta":"","header-below-stick-meta":"","astra-migrate-meta-layouts":"set","ast-page-background-enabled":"default","ast-page-background-meta":{"desktop":{"background-color":"var(--ast-global-color-4)","background-image":"","background-repeat":"repeat","background-position":"center center","background-size":"auto","background-attachment":"scroll","background-type":"","background-media":"","overlay-type":"","overlay-color":"","overlay-opacity":"","overlay-gradient":""},"tablet":{"background-color":"","background-image":"","background-repeat":"repeat","background-position":"center center","background-size":"auto","background-attachment":"scroll","background-type":"","background-media":"","overlay-type":"","overlay-color":"","overlay-opacity":"","overlay-gradient":""},"mobile":{"background-color":"","background-image":"","background-repeat":"repeat","background-position":"center center","background-size":"auto","background-attachment":"scroll","background-type":"","background-media":"","overlay-type":"","overlay-color":"","overlay-opacity":"","overlay-gradient":""}},"ast-content-background-meta":{"desktop":{"background-color":"var(--ast-global-color-5)","background-image":"","background-repeat":"repeat","background-position":"center center","background-size":"auto","background-attachment":"scroll","background-type":"","background-media":"","overlay-type":"","overlay-color":"","overlay-opacity":"","overlay-gradient":""},"tablet":{"background-color":"var(--ast-global-color-5)","background-image":"","background-repeat":"repeat","background-position":"center center","background-size":"auto","background-attachment":"scroll","background-type":"","background-media":"","overlay-type":"","overlay-color":"","overlay-opacity":"","overlay-gradient":""},"mobile":{"background-color":"var(--ast-global-color-5)","background-image":"","background-repeat":"repeat","background-position":"center center","background-size":"auto","background-attachment":"scroll","background-type":"","background-media":"","overlay-type":"","overlay-color":"","overlay-opacity":"","overlay-gradient":""}},"footnotes":""},"class_list":["post-1805","page","type-page","status-publish","hentry"],"aioseo_notices":[],"uagb_featured_image_src":{"full":false,"thumbnail":false,"medium":false,"medium_large":false,"large":false,"1536x1536":false,"2048x2048":false,"trp-custom-language-flag":false},"uagb_author_info":{"display_name":"le.hie@web.de","author_link":"https:\/\/leotaradynamics.com\/de_de\/author\/le-hieweb-de\/"},"uagb_comment_info":0,"uagb_excerpt":"Legal Notice Information according to \u00a7 5 TMG: Leonhard HieblLeopoldstra\u00dfe 19180804 M\u00fcnchenE-Mail: info@leotaradynamics.com Not subject to VAT according to \u00a7 19 UStG Liability for Content:As a service provider, I am responsible for my own content on these pages according to \u00a77(1) TMG. However, according to \u00a7\u00a78 to 10 TMG, I am not obligated to monitor&hellip;","_links":{"self":[{"href":"https:\/\/leotaradynamics.com\/de_de\/wp-json\/wp\/v2\/pages\/1805","targetHints":{"allow":["GET"]}}],"collection":[{"href":"https:\/\/leotaradynamics.com\/de_de\/wp-json\/wp\/v2\/pages"}],"about":[{"href":"https:\/\/leotaradynamics.com\/de_de\/wp-json\/wp\/v2\/types\/page"}],"author":[{"embeddable":true,"href":"https:\/\/leotaradynamics.com\/de_de\/wp-json\/wp\/v2\/users\/1"}],"replies":[{"embeddable":true,"href":"https:\/\/leotaradynamics.com\/de_de\/wp-json\/wp\/v2\/comments?post=1805"}],"version-history":[{"count":5,"href":"https:\/\/leotaradynamics.com\/de_de\/wp-json\/wp\/v2\/pages\/1805\/revisions"}],"predecessor-version":[{"id":1934,"href":"https:\/\/leotaradynamics.com\/de_de\/wp-json\/wp\/v2\/pages\/1805\/revisions\/1934"}],"wp:attachment":[{"href":"https:\/\/leotaradynamics.com\/de_de\/wp-json\/wp\/v2\/media?parent=1805"}],"curies":[{"name":"wp","href":"https:\/\/api.w.org\/{rel}","templated":true}]}}