{"id":2,"date":"2025-04-15T15:06:13","date_gmt":"2025-04-15T15:06:13","guid":{"rendered":"https:\/\/\/home\/"},"modified":"2025-08-04T17:27:39","modified_gmt":"2025-08-04T17:27:39","slug":"home","status":"publish","type":"page","link":"https:\/\/leotaradynamics.com\/de_de\/","title":{"rendered":"Home"},"content":{"rendered":"<figure class=\"wp-block-video\"><video autoplay loop muted src=\"https:\/\/leotaradynamics.com\/wp-content\/uploads\/2025\/04\/Creative_Agency_Scene_02original-comp_2-1.mp4\"><\/video><\/figure>\n\n\n\n<div class=\"wp-block-uagb-container uagb-block-eb258599 alignfull uagb-is-root-container\"><div class=\"uagb-container-inner-blocks-wrap\">\n<div class=\"wp-block-uagb-container uagb-block-34cf57b7\">\n<div class=\"wp-block-uagb-advanced-heading uagb-block-a35c568f\"><h1 class=\"uagb-heading-text\">Think. <br>Create.<br>Repeat.<\/h1><\/div>\n<\/div>\n<\/div><\/div>\n\n\n\n<div class=\"wp-block-uagb-container uagb-block-f1becc27 alignfull uagb-is-root-container\"><div class=\"uagb-container-inner-blocks-wrap\">\n<div class=\"wp-block-uagb-container uagb-block-fb00a1ea\">\n<div class=\"wp-block-uagb-info-box uagb-block-12209763 uagb-infobox__content-wrap  uagb-infobox-icon-above-title uagb-infobox-image-valign-top wp-block-uagb-info-box--has-margin\"><div class=\"uagb-infobox-margin-wrapper\"><div class=\"uagb-ifb-content\"><div class=\"uagb-ifb-title-wrap\"><h6 class=\"uagb-ifb-title-prefix\">01<\/h6><h5 class=\"uagb-ifb-title\">Leistungen<\/h5><\/div><\/div><\/div><\/div>\n<\/div>\n\n\n\n<div class=\"wp-block-uagb-container uagb-block-67eb694d\">\n<div class=\"wp-block-uagb-info-box uagb-block-dcd989b1 uagb-infobox__content-wrap  uagb-infobox-icon-above-title uagb-infobox-image-valign-top\"><div class=\"uagb-ifb-content\"><div class=\"uagb-ifb-title-wrap\"><h3 class=\"uagb-ifb-title-prefix\">Video<br>Editing<\/h3><h5 class=\"uagb-ifb-title\">Inhalte, die begeistern. <br>Erfolg, der messbar ist.<\/h5><\/div><div class=\"uagb-ifb-separator\"><\/div><p class=\"uagb-ifb-desc\">Videobearbeitung, die auf Zusammenarbeit und Struktur setzt \u2013 ma\u00dfgeschneidert f\u00fcr jedes Projekt, mit offenem Dialog und starkem visuellen Storytelling.<\/p><\/div><\/div>\n<\/div>\n\n\n\n<div class=\"wp-block-uagb-container uagb-block-b6264681\">\n<div class=\"wp-block-uagb-info-box uagb-block-e29f5317 uagb-infobox__content-wrap  uagb-infobox-icon-above-title uagb-infobox-image-valign-top\"><div class=\"uagb-ifb-content\"><div class=\"uagb-ifb-title-wrap\"><h3 class=\"uagb-ifb-title-prefix\">Content<br>Strategie<\/h3><h5 class=\"uagb-ifb-title\">Richtiger Inhalt. Richtige Zeit. Richtiger Ort.<\/h5><\/div><div class=\"uagb-ifb-separator\"><\/div><p class=\"uagb-ifb-desc\">Eine Content-Strategie, die auf Analyse, Planung und konsistenter Umsetzung aufbaut - mit dem Ziel, einen Mehrwert zu schaffen, die Zielgruppe anzusprechen und langfristig \u00fcberzeugende Ergebnisse zu erzielen.<\/p><\/div><\/div>\n<\/div>\n\n\n\n<div class=\"wp-block-uagb-container uagb-block-5c793090\">\n<div class=\"wp-block-uagb-info-box uagb-block-09a9edd4 uagb-infobox__content-wrap  uagb-infobox-icon-above-title uagb-infobox-image-valign-top\"><div class=\"uagb-ifb-content\"><div class=\"uagb-ifb-title-wrap\"><h3 class=\"uagb-ifb-title-prefix\">Branding &amp; Support<\/h3><h5 class=\"uagb-ifb-title\">Auffallen. Einzigartig sein. Im Kopf bleiben.<\/h5><\/div><div class=\"uagb-ifb-separator\"><\/div><p class=\"uagb-ifb-desc\">Ein Branding, das \u00fcberzeugt - klar, konsistent und einpr\u00e4gsam, um Vertrauen zu schaffen, Ihre einzigartige Identit\u00e4t zu st\u00e4rken und Ihre Follower auf einer pers\u00f6nlichen Ebene anzusprechen. Wir helfen bei Ideenfindung und Umsetzung.<\/p><\/div><\/div>\n<\/div>\n<\/div><\/div>\n\n\n\n<div class=\"wp-block-uagb-container uagb-layout-grid uagb-block-48138d5d alignfull uagb-is-root-container\"><div class=\"uagb-container-inner-blocks-wrap\">\n<div class=\"wp-block-uagb-info-box uagb-block-50850c90 uagb-infobox__content-wrap  uagb-infobox-icon-above-title uagb-infobox-image-valign-top wp-block-uagb-info-box--has-margin\"><div class=\"uagb-infobox-margin-wrapper\"><div class=\"uagb-ifb-content\"><div class=\"uagb-ifb-title-wrap\"><h6 class=\"uagb-ifb-title-prefix\">02<\/h6><h5 class=\"uagb-ifb-title\">Warum Leotara<\/h5><\/div><\/div><\/div><\/div>\n\n\n\n<div class=\"wp-block-uagb-advanced-heading uagb-block-d904d867\"><h2 class=\"uagb-heading-text\">Unsere Vorteile<\/h2><\/div>\n<\/div><\/div>\n\n\n\n<div class=\"wp-block-uagb-container uagb-block-40e6ea10 alignfull uagb-is-root-container\"><div class=\"uagb-container-inner-blocks-wrap\">\n<div class=\"wp-block-uagb-container uagb-block-41c8183d\">\n<div class=\"wp-block-uagb-container uagb-layout-grid uagb-block-c393edda\">\n<div class=\"wp-block-uagb-container uagb-block-a19a9e03\">\n<div class=\"wp-block-uagb-info-box uagb-block-e2aaf0e4 uagb-infobox__content-wrap  uagb-infobox-icon-above-title uagb-infobox-image-valign-top\"><div class=\"uagb-ifb-content\"><div class=\"uagb-ifb-title-wrap\"><h4 class=\"uagb-ifb-title\">Ein g\u00fcnstiger Start mit gro\u00dfartigen Chancen<\/h4><\/div><p class=\"uagb-ifb-desc\">Unterst\u00fctzung f\u00fcr kleine Creator mit gro\u00dfem Potenzial \u2013 wir kennen die Herausforderungen des Anfangs. Deshalb bieten wir kosteneffiziente Services und setzen auf partnerschaftliches Wachstum. Geteilter Erfolg ist der beste Erfolg \u2013 gemeinsam gehen wir den n\u00e4chsten Schritt.<\/p><\/div><\/div>\n<\/div>\n\n\n\n<div class=\"wp-block-uagb-image aligncenter uagb-block-203910ae wp-block-uagb-image--layout-default wp-block-uagb-image--effect-static wp-block-uagb-image--align-center\"><figure class=\"wp-block-uagb-image__figure\"><img decoding=\"async\" srcset=\"https:\/\/leotaradynamics.com\/wp-content\/uploads\/2025\/04\/website-ild-1-1024x715.png ,https:\/\/leotaradynamics.com\/wp-content\/uploads\/2025\/04\/website-ild-1.png 780w, https:\/\/leotaradynamics.com\/wp-content\/uploads\/2025\/04\/website-ild-1.png 360w\" sizes=\"auto, (max-width: 480px) 150px\" src=\"https:\/\/leotaradynamics.com\/wp-content\/uploads\/2025\/04\/website-ild-1-1024x715.png\" alt=\"\" class=\"uag-image-1824\" width=\"320\" height=\"320\" title=\"website ild 1\" loading=\"lazy\" role=\"img\"\/><\/figure><\/div>\n<\/div>\n\n\n\n<div class=\"wp-block-uagb-container uagb-layout-flex uagb-block-c5ac057e\">\n<div class=\"wp-block-uagb-image uagb-block-873c94a4 wp-block-uagb-image--layout-default wp-block-uagb-image--effect-static wp-block-uagb-image--align-none\"><figure class=\"wp-block-uagb-image__figure\"><img decoding=\"async\" srcset=\"https:\/\/leotaradynamics.com\/wp-content\/uploads\/2025\/04\/web-3-1024x681.png ,https:\/\/leotaradynamics.com\/wp-content\/uploads\/2025\/04\/web-3.png 780w, https:\/\/leotaradynamics.com\/wp-content\/uploads\/2025\/04\/web-3.png 360w\" sizes=\"auto, (max-width: 480px) 150px\" src=\"https:\/\/leotaradynamics.com\/wp-content\/uploads\/2025\/04\/web-3-1024x681.png\" alt=\"\" class=\"uag-image-1830\" width=\"300\" height=\"300\" title=\"web 3\" loading=\"lazy\" role=\"img\"\/><\/figure><\/div>\n\n\n\n<div class=\"wp-block-uagb-container uagb-block-128f17ef\">\n<div class=\"wp-block-uagb-info-box uagb-block-6506ca71 uagb-infobox__content-wrap  uagb-infobox-icon-above-title uagb-infobox-image-valign-top\"><div class=\"uagb-ifb-content\"><div class=\"uagb-ifb-title-wrap\"><h4 class=\"uagb-ifb-title\">\u00dcberzeugende L\u00f6sungen durch ein vertrauensw\u00fcrdiges Netzwerk<\/h4><\/div><p class=\"uagb-ifb-desc\">Wir arbeiten mit einem vielf\u00e4ltigen Netzwerk aus talentierten Freelancern zusammen, damit du von spezialisierten Experten profitierst, ohne dich mit verschiedenen Anlaufstellen herumschlagen zu m\u00fcssen. <\/p><\/div><\/div>\n<\/div>\n<\/div>\n\n\n\n<div class=\"wp-block-uagb-container uagb-layout-grid uagb-block-6334e776\">\n<div class=\"wp-block-uagb-container uagb-block-7f50b689\">\n<div class=\"wp-block-uagb-info-box uagb-block-7b978b7c uagb-infobox__content-wrap  uagb-infobox-icon-above-title uagb-infobox-image-valign-top\"><div class=\"uagb-ifb-content\"><div class=\"uagb-ifb-title-wrap\"><h4 class=\"uagb-ifb-title\">Wachstum durch innovative L\u00f6sungen<\/h4><\/div><p class=\"uagb-ifb-desc\">Egal, ob du deine Social-Media-Pr\u00e4senz aufbaust oder Online-Kurse startest \u2013 wir nutzen KI und andere fortschrittliche Tools, um dein Wachstum effizient zu skalieren. Wir bieten dir die n\u00f6tige Unterst\u00fctzung und Strategie, damit dein Erfolg nachhaltig und \u00fcberzeugend wird.<\/p><\/div><\/div>\n<\/div>\n\n\n\n<div class=\"wp-block-uagb-image uagb-block-3da7cde0 wp-block-uagb-image--layout-default wp-block-uagb-image--effect-static wp-block-uagb-image--align-none\"><figure class=\"wp-block-uagb-image__figure\"><img decoding=\"async\" srcset=\"https:\/\/leotaradynamics.com\/wp-content\/uploads\/2025\/04\/we-3-788x1024.png ,https:\/\/leotaradynamics.com\/wp-content\/uploads\/2025\/04\/we-3.png 780w, https:\/\/leotaradynamics.com\/wp-content\/uploads\/2025\/04\/we-3.png 360w\" sizes=\"auto, (max-width: 480px) 150px\" src=\"https:\/\/leotaradynamics.com\/wp-content\/uploads\/2025\/04\/we-3-788x1024.png\" alt=\"\" class=\"uag-image-1832\" width=\"320\" height=\"320\" title=\"we 3\" loading=\"lazy\" role=\"img\"\/><\/figure><\/div>\n<\/div>\n<\/div>\n<\/div><\/div>\n\n\n\n<div class=\"wp-block-uagb-container uagb-layout-grid uagb-block-bf8a2273 alignfull uagb-is-root-container\"><div class=\"uagb-container-inner-blocks-wrap\">\n<div class=\"wp-block-uagb-info-box uagb-block-d731edac uagb-infobox__content-wrap  uagb-infobox-icon-above-title uagb-infobox-image-valign-top wp-block-uagb-info-box--has-margin\"><div class=\"uagb-infobox-margin-wrapper\"><div class=\"uagb-ifb-content\"><div class=\"uagb-ifb-title-wrap\"><h6 class=\"uagb-ifb-title-prefix\">03<\/h6><h5 class=\"uagb-ifb-title\">Portfolio<\/h5><\/div><\/div><\/div><\/div>\n\n\n\n<div class=\"wp-block-uagb-advanced-heading uagb-block-50c0b619\"><h2 class=\"uagb-heading-text\">Beispiele<\/h2><\/div>\n<\/div><\/div>\n\n\n\n<div class=\"wp-block-uagb-container uagb-block-9f21699e alignfull uagb-is-root-container\">\n<figure class=\"wp-block-video\"><video autoplay muted src=\"https:\/\/leotaradynamics.com\/wp-content\/uploads\/2025\/04\/Sequenz-01_1.mp4\" playsinline><\/video><\/figure>\n\n\n\n<figure class=\"wp-block-video\"><video autoplay muted src=\"https:\/\/leotaradynamics.com\/wp-content\/uploads\/2025\/04\/Linked-Sequence-1_4.mp4\" playsinline><\/video><\/figure>\n<\/div>\n\n\n\n<div class=\"wp-block-uagb-container uagb-block-1b47610a alignfull uagb-is-root-container\"><div class=\"uagb-container-inner-blocks-wrap\">\n<div class=\"wp-block-uagb-container uagb-block-486cbca5\">\n<div class=\"wp-block-uagb-advanced-heading uagb-block-dea4da72\"><h4 class=\"uagb-heading-text\">Wir glauben, dass gro\u00dfartige Ideen die richtige Strategie verdienen, um ihr volles Potenzial zu entfalten. Mit  intelligente Content-L\u00f6sungen unterst\u00fctzen wir Unternehmen und Kreative auf ihrem Weg zu nachhaltigem Wachstum.<br><br>In einer v\u00f6llig unverbindlichen, kostenlosen Erstberatung schn\u00fcren wir transparente Service-Pakete zu fairen Konditionen. Der Leistungsumfang l\u00e4sst sich flexibel an deine Bed\u00fcrfnisse anpassen \u2013 von der Bearbeitung eines einzelnen Videos bis hin zu gr\u00f6\u00dferen Paketen f\u00fcr langfristige Projekte. Wir sind \u00fcberzeugt, dass echte Leistung zu starken Preisen nicht nur zufriedene Kunden schafft, sondern auch die Grundlage f\u00fcr eine langfristige Partnerschaft legt.<br><\/h4><\/div>\n<\/div>\n<\/div><\/div>\n\n\n\n<div class=\"wp-block-uagb-advanced-heading uagb-block-fefe1afa\"><h2 class=\"uagb-heading-text\">Lass uns etwas Tolles schaffen!<\/h2><\/div>\n\n\n<div class=\"wpforms-container wpforms-block wpforms-block-fd22809d-9ffb-4e30-a014-f755595b0174\" id=\"wpforms-5\"><form id=\"wpforms-form-5\" class=\"wpforms-validate wpforms-form wpforms-ajax-form\" data-formid=\"5\" method=\"post\" enctype=\"multipart\/form-data\" action=\"\/de_de\/wp-json\/wp\/v2\/pages\/2\" data-token=\"f6b12b45abdc2081da63221821d6ae7d\" data-token-time=\"1778070224\" data-trp-original-action=\"\/de_de\/wp-json\/wp\/v2\/pages\/2\"><noscript class=\"wpforms-error-noscript\">Bitte aktiviere JavaScript in deinem Browser, um dieses Formular fertigzustellen.<\/noscript><div class=\"wpforms-field-container\"><div id=\"wpforms-5-field_0-container\" class=\"wpforms-field wpforms-field-name\" data-field-id=\"0\"><label class=\"wpforms-field-label\" for=\"wpforms-5-field_0\">Name <span class=\"wpforms-required-label\">*<\/span><\/label><input type=\"text\" id=\"wpforms-5-field_0\" class=\"wpforms-field-large wpforms-field-required\" name=\"wpforms[fields][0]\" required><\/div><div id=\"wpforms-5-field_1-container\" class=\"wpforms-field wpforms-field-email\" data-field-id=\"1\"><label class=\"wpforms-field-label\" for=\"wpforms-5-field_1\">E-Mail <span class=\"wpforms-required-label\">*<\/span><\/label><input type=\"email\" id=\"wpforms-5-field_1\" class=\"wpforms-field-large wpforms-field-required\" name=\"wpforms[fields][1]\" spellcheck=\"false\" required><\/div><div id=\"wpforms-5-field_2-container\" class=\"wpforms-field wpforms-field-textarea\" data-field-id=\"2\"><label class=\"wpforms-field-label\" for=\"wpforms-5-field_2\">Nachricht <span class=\"wpforms-required-label\">*<\/span><\/label><textarea id=\"wpforms-5-field_2\" class=\"wpforms-field-medium wpforms-field-required\" name=\"wpforms[fields][2]\" required><\/textarea><\/div><\/div><!-- .wpforms-field-container --><div class=\"wpforms-submit-container\" ><input type=\"hidden\" name=\"wpforms[id]\" value=\"5\"><input type=\"hidden\" name=\"page_title\" value=\"\"><input type=\"hidden\" name=\"page_url\" value=\"https:\/\/leotaradynamics.com\/de_de\/wp-json\/wp\/v2\/pages\/2\"><input type=\"hidden\" name=\"url_referer\" value=\"\"><button type=\"submit\" name=\"wpforms[submit]\" id=\"wpforms-submit-5\" class=\"wpforms-submit\" data-alt-text=\"Sending...\" data-submit-text=\"SUBMIT\" aria-live=\"assertive\" value=\"wpforms-submit\">SENDEN<\/button><img loading=\"lazy\" decoding=\"async\" src=\"https:\/\/leotaradynamics.com\/wp-content\/plugins\/wpforms-lite\/assets\/images\/submit-spin.svg\" class=\"wpforms-submit-spinner\" style=\"display: none;\" width=\"26\" height=\"26\" alt=\"Wird geladen\"><\/div><input type=\"hidden\" name=\"trp-form-language\" value=\"de_de\"\/><\/form><\/div>  <!-- .wpforms-container -->\n\n\n<p><\/p>\n\n\n<nav class=\"is-responsive wp-block-navigation is-layout-flex wp-block-navigation-is-layout-flex\" aria-label=\"Navigation\" \n\t\t data-wp-interactive=\"core\/navigation\" data-wp-context='{\"overlayOpenedBy\":{\"click\":false,\"hover\":false,\"focus\":false},\"type\":\"overlay\",\"roleAttribute\":\"\",\"ariaLabel\":\"Men\\u00fc\"}'><button aria-haspopup=\"dialog\" aria-label=\"Men\u00fc \u00f6ffnen\" class=\"wp-block-navigation__responsive-container-open\" \n\t\t\t\tdata-wp-on-async--click=\"actions.openMenuOnClick\"\n\t\t\t\tdata-wp-on--keydown=\"actions.handleMenuKeydown\"\n\t\t\t><svg width=\"24\" height=\"24\" xmlns=\"http:\/\/www.w3.org\/2000\/svg\" viewbox=\"0 0 24 24\" aria-hidden=\"true\" focusable=\"false\"><rect x=\"4\" y=\"7.5\" width=\"16\" height=\"1.5\" \/><rect x=\"4\" y=\"15\" width=\"16\" height=\"1.5\" \/><\/svg><\/button>\n\t\t\t\t<div class=\"wp-block-navigation__responsive-container\"  id=\"modal-1\" \n\t\t\t\tdata-wp-class--has-modal-open=\"state.isMenuOpen\"\n\t\t\t\tdata-wp-class--is-menu-open=\"state.isMenuOpen\"\n\t\t\t\tdata-wp-watch=\"callbacks.initMenu\"\n\t\t\t\tdata-wp-on--keydown=\"actions.handleMenuKeydown\"\n\t\t\t\tdata-wp-on-async--focusout=\"actions.handleMenuFocusout\"\n\t\t\t\ttabindex=\"-1\"\n\t\t\t>\n\t\t\t\t\t<div class=\"wp-block-navigation__responsive-close\" tabindex=\"-1\">\n\t\t\t\t\t\t<div class=\"wp-block-navigation__responsive-dialog\" \n\t\t\t\tdata-wp-bind--aria-modal=\"state.ariaModal\"\n\t\t\t\tdata-wp-bind--aria-label=\"state.ariaLabel\"\n\t\t\t\tdata-wp-bind--role=\"state.roleAttribute\"\n\t\t\t>\n\t\t\t\t\t\t\t<button aria-label=\"Men\u00fc schlie\u00dfen\" class=\"wp-block-navigation__responsive-container-close\" \n\t\t\t\tdata-wp-on-async--click=\"actions.closeMenuOnClick\"\n\t\t\t><svg xmlns=\"http:\/\/www.w3.org\/2000\/svg\" viewbox=\"0 0 24 24\" width=\"24\" height=\"24\" aria-hidden=\"true\" focusable=\"false\"><path d=\"m13.06 12 6.47-6.47-1.06-1.06L12 10.94 5.53 4.47 4.47 5.53 10.94 12l-6.47 6.47 1.06 1.06L12 13.06l6.47 6.47 1.06-1.06L13.06 12Z\"><\/path><\/svg><\/button>\n\t\t\t\t\t\t\t<div class=\"wp-block-navigation__responsive-container-content\" \n\t\t\t\tdata-wp-watch=\"callbacks.focusFirstElement\"\n\t\t\t id=\"modal-1-content\">\n\t\t\t\t\t\t\t\t<ul class=\"wp-block-navigation__container is-responsive wp-block-navigation\"><li class=\"wp-block-navigation-item wp-block-navigation-link\"><a class=\"wp-block-navigation-item__content\"  href=\"https:\/\/leotaradynamics.com\/de_de\/1805-2\/\"><span class=\"wp-block-navigation-item__label\">Impressum<\/span><\/a><\/li><li class=\"wp-block-navigation-item wp-block-navigation-link\"><a class=\"wp-block-navigation-item__content\"  href=\"https:\/\/leotaradynamics.com\/de_de\/1803-2\/\"><span class=\"wp-block-navigation-item__label\">Datenschutzerkl\u00e4rung<\/span><\/a><\/li><\/ul>\n\t\t\t\t\t\t\t<\/div>\n\t\t\t\t\t\t<\/div>\n\t\t\t\t\t<\/div>\n\t\t\t\t<\/div><\/nav>\n\n\n<p><\/p>","protected":false},"excerpt":{"rendered":"<p>Think. Create.Repeat. How we do it Examples We believe that great ideas deserve the right strategy to unlock their full potential. With a passion for branding, marketing, and smart content solutions, we support businesses and creatives on their path to sustainable growth. In a completely non-binding free initial consultation, we create transparent service packages at [&hellip;]<\/p>","protected":false},"author":1,"featured_media":0,"parent":0,"menu_order":0,"comment_status":"closed","ping_status":"closed","template":"","meta":{"_uag_custom_page_level_css":"","site-sidebar-layout":"default","site-content-layout":"","ast-site-content-layout":"default","site-content-style":"default","site-sidebar-style":"default","ast-global-header-display":"","ast-banner-title-visibility":"","ast-main-header-display":"","ast-hfb-above-header-display":"","ast-hfb-below-header-display":"","ast-hfb-mobile-header-display":"","site-post-title":"disabled","ast-breadcrumbs-content":"","ast-featured-img":"","footer-sml-layout":"","ast-disable-related-posts":"","theme-transparent-header-meta":"enabled","adv-header-id-meta":"","stick-header-meta":"","header-above-stick-meta":"","header-main-stick-meta":"","header-below-stick-meta":"","astra-migrate-meta-layouts":"set","ast-page-background-enabled":"default","ast-page-background-meta":{"desktop":{"background-color":"var(--ast-global-color-4)","background-image":"","background-repeat":"repeat","background-position":"center center","background-size":"auto","background-attachment":"scroll","background-type":"","background-media":"","overlay-type":"","overlay-color":"","overlay-opacity":"","overlay-gradient":""},"tablet":{"background-color":"","background-image":"","background-repeat":"repeat","background-position":"center center","background-size":"auto","background-attachment":"scroll","background-type":"","background-media":"","overlay-type":"","overlay-color":"","overlay-opacity":"","overlay-gradient":""},"mobile":{"background-color":"","background-image":"","background-repeat":"repeat","background-position":"center center","background-size":"auto","background-attachment":"scroll","background-type":"","background-media":"","overlay-type":"","overlay-color":"","overlay-opacity":"","overlay-gradient":""}},"ast-content-background-meta":{"desktop":{"background-color":"var(--ast-global-color-5)","background-image":"","background-repeat":"repeat","background-position":"center center","background-size":"auto","background-attachment":"scroll","background-type":"","background-media":"","overlay-type":"","overlay-color":"","overlay-opacity":"","overlay-gradient":""},"tablet":{"background-color":"var(--ast-global-color-5)","background-image":"","background-repeat":"repeat","background-position":"center center","background-size":"auto","background-attachment":"scroll","background-type":"","background-media":"","overlay-type":"","overlay-color":"","overlay-opacity":"","overlay-gradient":""},"mobile":{"background-color":"var(--ast-global-color-5)","background-image":"","background-repeat":"repeat","background-position":"center center","background-size":"auto","background-attachment":"scroll","background-type":"","background-media":"","overlay-type":"","overlay-color":"","overlay-opacity":"","overlay-gradient":""}},"footnotes":""},"class_list":["post-2","page","type-page","status-publish","hentry"],"aioseo_notices":[],"uagb_featured_image_src":{"full":false,"thumbnail":false,"medium":false,"medium_large":false,"large":false,"1536x1536":false,"2048x2048":false,"trp-custom-language-flag":false},"uagb_author_info":{"display_name":"le.hie@web.de","author_link":"https:\/\/leotaradynamics.com\/de_de\/author\/le-hieweb-de\/"},"uagb_comment_info":0,"uagb_excerpt":"Think. Create.Repeat. How we do it Examples We believe that great ideas deserve the right strategy to unlock their full potential. With a passion for branding, marketing, and smart content solutions, we support businesses and creatives on their path to sustainable growth. In a completely non-binding free initial consultation, we create transparent service packages at&hellip;","_links":{"self":[{"href":"https:\/\/leotaradynamics.com\/de_de\/wp-json\/wp\/v2\/pages\/2","targetHints":{"allow":["GET"]}}],"collection":[{"href":"https:\/\/leotaradynamics.com\/de_de\/wp-json\/wp\/v2\/pages"}],"about":[{"href":"https:\/\/leotaradynamics.com\/de_de\/wp-json\/wp\/v2\/types\/page"}],"author":[{"embeddable":true,"href":"https:\/\/leotaradynamics.com\/de_de\/wp-json\/wp\/v2\/users\/1"}],"replies":[{"embeddable":true,"href":"https:\/\/leotaradynamics.com\/de_de\/wp-json\/wp\/v2\/comments?post=2"}],"version-history":[{"count":44,"href":"https:\/\/leotaradynamics.com\/de_de\/wp-json\/wp\/v2\/pages\/2\/revisions"}],"predecessor-version":[{"id":1941,"href":"https:\/\/leotaradynamics.com\/de_de\/wp-json\/wp\/v2\/pages\/2\/revisions\/1941"}],"wp:attachment":[{"href":"https:\/\/leotaradynamics.com\/de_de\/wp-json\/wp\/v2\/media?parent=2"}],"curies":[{"name":"wp","href":"https:\/\/api.w.org\/{rel}","templated":true}]}}